{"id":1257,"date":"2022-11-14T22:11:20","date_gmt":"2022-11-14T21:11:20","guid":{"rendered":"http:\/\/hkkfundacja.org.pl\/?page_id=1257"},"modified":"2022-11-20T09:55:32","modified_gmt":"2022-11-20T08:55:32","slug":"statut","status":"publish","type":"page","link":"http:\/\/hkkfundacja.org.pl\/?page_id=1257","title":{"rendered":"Statut"},"content":{"rendered":"\t\t<div data-elementor-type=\"wp-page\" data-elementor-id=\"1257\" class=\"elementor elementor-1257\" data-elementor-post-type=\"page\">\n\t\t\t\t\t\t<section class=\"elementor-section elementor-top-section elementor-element elementor-element-4328fd0 elementor-section-boxed elementor-section-height-default elementor-section-height-default\" data-id=\"4328fd0\" data-element_type=\"section\" data-settings=\"{&quot;jet_parallax_layout_list&quot;:[]}\">\n\t\t\t\t\t\t<div class=\"elementor-container elementor-column-gap-default\">\n\t\t\t\t\t<div class=\"elementor-column elementor-col-100 elementor-top-column elementor-element elementor-element-a3d90bb\" data-id=\"a3d90bb\" data-element_type=\"column\">\n\t\t\t<div class=\"elementor-widget-wrap elementor-element-populated\">\n\t\t\t\t\t\t<div class=\"elementor-element elementor-element-49eccef elementor-widget__width-auto elementor-widget-mobile__width-inherit elementor-widget elementor-widget-text-editor\" data-id=\"49eccef\" data-element_type=\"widget\" data-widget_type=\"text-editor.default\">\n\t\t\t\t<div class=\"elementor-widget-container\">\n\t\t\t\t\t\t\t\t\t<h1 style=\"all: unset;\">Statut<br \/><span class=\"yel\">Estatuto<\/span><\/h1>\t\t\t\t\t\t\t\t<\/div>\n\t\t\t\t<\/div>\n\t\t\t\t<div class=\"elementor-element elementor-element-cb080f7 elementor-widget elementor-widget-text-editor\" data-id=\"cb080f7\" data-element_type=\"widget\" data-widget_type=\"text-editor.default\">\n\t\t\t\t<div class=\"elementor-widget-container\">\n\t\t\t\t\t\t\t\t\t<p>Cele Fundacji Hiszpa\u0144ski Konsulat Kultury :<\/p><ol><li>organizacja koncert\u00f3w ta\u0144ca i muzyki flamenco z udzia\u0142em artyst\u00f3w z Hiszpanii i Polski<\/li><li>organizacja recitali gitarowych z udzia\u0142em artyst\u00f3w z Hiszpanii i Polski<\/li><li>organizacja wydarze\u0144 muzycznych, teatralnych, literackich<\/li><li>pokazy lokalnych szk\u00f3\u0142 ta\u0144ca flamenco<\/li><li>zaj\u0119cia edukacyjne dla dzieci i m\u0142odzie\u017cy<\/li><li>cykliczne wystawy, wernisa\u017ce artyst\u00f3w hiszpa\u0144skich i polskich<\/li><li>stworzenie i udost\u0119pnianie platformy cyfrowej udost\u0119pniaj\u0105cej zdigitalizowane wydarzenia organizowane przez Fundacj\u0119<\/li><li>organizacja i prowadzenie hiszpa\u0144skiego Klubu Filmowego<\/li><li>organizacja i prowadzenie hiszpa\u0144skiego Klubu Literackiego<\/li><li>organizacja wydarze\u0144 kulinarnych (live cooking, \u2018tapasowy teatr\u2019, degustacja hiszpa\u0144skiego wina)<\/li><li>organizowanie szkole\u0144 i warsztat\u00f3w z obszaru dzia\u0142ania Fundacji.<\/li><\/ol>\t\t\t\t\t\t\t\t<\/div>\n\t\t\t\t<\/div>\n\t\t\t\t<div class=\"elementor-element elementor-element-f87bb92 elementor-widget elementor-widget-text-editor\" data-id=\"f87bb92\" data-element_type=\"widget\" data-widget_type=\"text-editor.default\">\n\t\t\t\t<div class=\"elementor-widget-container\">\n\t\t\t\t\t\t\t\t\t<p>Objetivos de la Fundaci\u00f3n Consulado de Cultura Espa\u00f1ola:<\/p><ol><li>organizaci\u00f3n de conciertos de baile y m\u00fasica flamenca con la participaci\u00f3n de artistas de Espa\u00f1a y Polonia<\/li><li>organizaci\u00f3n de recitales de guitarra con artistas de Espa\u00f1a y Polonia<\/li><li>organizaci\u00f3n de eventos musicales, teatrales y literarios<\/li><li>espect\u00e1culos de escuelas locales de baile flamenco<\/li><li>actividades educativas para ni\u00f1os y j\u00f3venes<\/li><li>exposiciones c\u00edclicas, vernissages de artistas espa\u00f1oles y polacos<\/li><li>crear y proporcionar una plataforma digital que proporcione acceso a eventos digitalizados organizados por la Fundaci\u00f3n<\/li><li>organizaci\u00f3n y funcionamiento del Cine Club Espa\u00f1ol<\/li><li>organizaci\u00f3n y funcionamiento del Club Literario Espa\u00f1ol<\/li><li>organizaci\u00f3n de eventos gastron\u00f3micos (cocina en vivo, 'teatro de tapas&#8217;, cata de vinos espa\u00f1oles)<\/li><li>organizaci\u00f3n de capacitaciones y talleres en el \u00e1rea de operaci\u00f3n de la Fundaci\u00f3n.<\/li><\/ol>\t\t\t\t\t\t\t\t<\/div>\n\t\t\t\t<\/div>\n\t\t\t\t\t<\/div>\n\t\t<\/div>\n\t\t\t\t\t<\/div>\n\t\t<\/section>\n\t\t\t\t<\/div>\n\t\t","protected":false},"excerpt":{"rendered":"<p>StatutEstatuto Cele Fundacji Hiszpa\u0144ski Konsulat Kultury : organizacja koncert\u00f3w ta\u0144ca i muzyki flamenco z udzia\u0142em artyst\u00f3w z Hiszpanii i Polski organizacja recitali gitarowych z udzia\u0142em artyst\u00f3w z Hiszpanii i Polski organizacja wydarze\u0144 muzycznych, teatralnych, literackich pokazy lokalnych szk\u00f3\u0142 ta\u0144ca flamenco zaj\u0119cia edukacyjne dla dzieci i m\u0142odzie\u017cy cykliczne wystawy, wernisa\u017ce artyst\u00f3w hiszpa\u0144skich i polskich stworzenie i [&hellip;]<\/p>\n","protected":false},"author":1,"featured_media":0,"parent":0,"menu_order":0,"comment_status":"closed","ping_status":"closed","template":"elementor_header_footer","meta":{"footnotes":""},"class_list":["post-1257","page","type-page","status-publish","hentry"],"_links":{"self":[{"href":"http:\/\/hkkfundacja.org.pl\/index.php?rest_route=\/wp\/v2\/pages\/1257","targetHints":{"allow":["GET"]}}],"collection":[{"href":"http:\/\/hkkfundacja.org.pl\/index.php?rest_route=\/wp\/v2\/pages"}],"about":[{"href":"http:\/\/hkkfundacja.org.pl\/index.php?rest_route=\/wp\/v2\/types\/page"}],"author":[{"embeddable":true,"href":"http:\/\/hkkfundacja.org.pl\/index.php?rest_route=\/wp\/v2\/users\/1"}],"replies":[{"embeddable":true,"href":"http:\/\/hkkfundacja.org.pl\/index.php?rest_route=%2Fwp%2Fv2%2Fcomments&post=1257"}],"version-history":[{"count":25,"href":"http:\/\/hkkfundacja.org.pl\/index.php?rest_route=\/wp\/v2\/pages\/1257\/revisions"}],"predecessor-version":[{"id":1478,"href":"http:\/\/hkkfundacja.org.pl\/index.php?rest_route=\/wp\/v2\/pages\/1257\/revisions\/1478"}],"wp:attachment":[{"href":"http:\/\/hkkfundacja.org.pl\/index.php?rest_route=%2Fwp%2Fv2%2Fmedia&parent=1257"}],"curies":[{"name":"wp","href":"https:\/\/api.w.org\/{rel}","templated":true}]}}